{"id":147,"date":"2016-09-03T13:10:11","date_gmt":"2016-09-03T11:10:11","guid":{"rendered":"http:\/\/caspers.li\/?page_id=147"},"modified":"2016-09-09T11:10:57","modified_gmt":"2016-09-09T09:10:57","slug":"portrait","status":"publish","type":"page","link":"https:\/\/caspers.li\/index.php\/portrait\/","title":{"rendered":"Portr\u00e4t"},"content":{"rendered":"<div class=\"flex_column av_one_full  flex_column_div av-zero-column-padding first  \" style='border-radius:0px; '><div style='padding-bottom:10px;' class='av-special-heading av-special-heading-h1  blockquote modern-quote  '><h1 class='av-special-heading-tag'  itemprop=\"headline\"  >PORTR\u00c4T<\/h1><div class='special-heading-border'><div class='special-heading-inner-border' ><\/div><\/div><\/div><\/div>\n<div class=\"flex_column av_one_fourth  flex_column_div first  \" style='padding:20px 0 0 0 ; border-radius:0px; '><div class='avia-image-container  av-styling-   avia-align-center '  itemscope=\"itemscope\" itemtype=\"https:\/\/schema.org\/ImageObject\"  ><div class='avia-image-container-inner'><img class='avia_image ' src='https:\/\/caspers.li\/wp-content\/uploads\/2016\/09\/032d2f9c3c0943601.jpg' alt='' title='032d2f9c3c0943601'   itemprop=\"contentURL\"  \/><\/div><\/div><\/div>\n<div class=\"flex_column av_three_fourth  flex_column_div av-zero-column-padding   \" style='border-radius:0px; '><section class=\"av_textblock_section\"  itemscope=\"itemscope\" itemtype=\"https:\/\/schema.org\/CreativeWork\" ><div class='avia_textblock '   itemprop=\"text\" ><p>Wolfgang Caspers, Jahrgang 1961, stammt aus Frankfurt am Main. Im Anschluss an Abitur und Banklehre bei der Deutschen Bank Frankfurt studierte er an den Universit\u00e4ten in Mainz und Freiburg im Breisgau Rechtswissenschaften. Nach dem Referendariat in Konstanz schloss er die deutsche Juristenausbildung mit einem Pr\u00e4dikatsexamen vor dem OLG Stuttgart ab und ist seit 1992 in Deutschland als Rechtsanwalt zugelassen.<\/p>\n<p>1996 \u00fcbersiedelte er ins F\u00fcrstentum Liechtenstein. Nach dreij\u00e4hriger T\u00e4tigkeit in einer\u00a0international ausgerichteten Vaduzer Anwaltskanzlei absolvierte er 1999 die liechtensteinische Rechtsanwaltspr\u00fcfung. Seither ist er\u00a0auch im F\u00fcrstentum Liechtenstein als Rechtsanwalt zugelassen.<\/p>\n<p>Um Mandanten ganzheitlich im Bereich alternativer Streitbeilegungen\u00a0beraten zu k\u00f6nnen, liess sich Wolfgang Caspers in den Jahren 2005 und 2006 am Institut f\u00fcr Rechtswissenschaft und Rechtspraxis der Universit\u00e4t St. Gallen (IRP-HSG) zum Mediator ausbilden.<\/p>\n<p>Neben der rechtsanwaltlichen T\u00e4tigkeit widmet sich Wolfgang Caspers permanent auch der wissenschaftlichen Besch\u00e4ftigung mit dem Recht. Nach langj\u00e4hriger T\u00e4tigkeit als wissenschaftlicher Mitarbeiter am von Prof. Baudenbacher geleiteten Institut f\u00fcr Europ\u00e4isches und Internationales Wirtschafts- und Sozialrecht und mehreren Lehrauftr\u00e4gen an der Universit\u00e4t St. Gallen baute er als Hochschuldozent an der Hochschule Liechtenstein das Competence Center f\u00fcr Recht und Treuhandwesen auf. Dar\u00fcber hinaus h\u00e4lt er immer wieder Unterrichtseinheiten und Vortr\u00e4ge an anderen Hochschulen sowie bei verschiedenen privaten und \u00f6ffentlichen Weiterbildungsinstitutionen. Eine fortlaufende Publikationst\u00e4tigkeit rundet diesen Aspekt der Berufst\u00e4tigkeit ab.<\/p>\n<p>In seiner Freizeit besch\u00e4ftigt sich Wolfgang Caspers v.a. mit <a href=\"http:\/\/caspers.li\/index.php\/fotografie\/\">Naturfotografie<\/a>.<\/p>\n<\/div><\/section><\/div>\n","protected":false},"excerpt":{"rendered":"","protected":false},"author":1,"featured_media":0,"parent":0,"menu_order":2,"comment_status":"closed","ping_status":"closed","template":"","meta":{"footnotes":""},"class_list":["post-147","page","type-page","status-publish","hentry"],"aioseo_notices":[],"_links":{"self":[{"href":"https:\/\/caspers.li\/index.php\/wp-json\/wp\/v2\/pages\/147","targetHints":{"allow":["GET"]}}],"collection":[{"href":"https:\/\/caspers.li\/index.php\/wp-json\/wp\/v2\/pages"}],"about":[{"href":"https:\/\/caspers.li\/index.php\/wp-json\/wp\/v2\/types\/page"}],"author":[{"embeddable":true,"href":"https:\/\/caspers.li\/index.php\/wp-json\/wp\/v2\/users\/1"}],"replies":[{"embeddable":true,"href":"https:\/\/caspers.li\/index.php\/wp-json\/wp\/v2\/comments?post=147"}],"version-history":[{"count":26,"href":"https:\/\/caspers.li\/index.php\/wp-json\/wp\/v2\/pages\/147\/revisions"}],"predecessor-version":[{"id":655,"href":"https:\/\/caspers.li\/index.php\/wp-json\/wp\/v2\/pages\/147\/revisions\/655"}],"wp:attachment":[{"href":"https:\/\/caspers.li\/index.php\/wp-json\/wp\/v2\/media?parent=147"}],"curies":[{"name":"wp","href":"https:\/\/api.w.org\/{rel}","templated":true}]}}