{"id":149,"date":"2016-09-03T13:10:28","date_gmt":"2016-09-03T11:10:28","guid":{"rendered":"http:\/\/caspers.li\/?page_id=149"},"modified":"2020-02-11T17:28:26","modified_gmt":"2020-02-11T16:28:26","slug":"taetigkeitsgebiet","status":"publish","type":"page","link":"https:\/\/caspers.li\/index.php\/taetigkeitsgebiet\/","title":{"rendered":"T\u00e4tigkeitsgebiet"},"content":{"rendered":"<div class=\"flex_column av_one_full  flex_column_div av-zero-column-padding first  \" style='border-radius:0px; '><p><div style='padding-bottom:10px;' class='av-special-heading av-special-heading-h1  blockquote modern-quote  '><h1 class='av-special-heading-tag'  itemprop=\"headline\"  >T\u00e4tigkeitsgebiet<\/h1><div class='special-heading-border'><div class='special-heading-inner-border' ><\/div><\/div><\/div><br \/>\n<section class=\"av_textblock_section\"  itemscope=\"itemscope\" itemtype=\"https:\/\/schema.org\/CreativeWork\" ><div class='avia_textblock '   itemprop=\"text\" ><p>Wolfgang Caspers \u00fcbernimmt Vertretungen in Zivil- und Verwaltungsverfahren vor den liechtensteinischen Gerichten und Beh\u00f6rden, erstellt Vertr\u00e4ge und Gutachten und ber\u00e4t sie aussergerichtlich und ausserbeh\u00f6rdlich in allen rechtlichen Angelegenheiten.<\/p>\n<\/div><\/section><\/p><\/div>\n<div class=\"flex_column av_one_half  flex_column_div av-zero-column-padding first  \" style='border-radius:0px; '><p><div style='padding-bottom:5px;' class='av-special-heading av-special-heading-h5  blockquote modern-quote  '><h5 class='av-special-heading-tag'  itemprop=\"headline\"  >Seine besonderen Schwerpunkte liegen<\/h5><div class='special-heading-border'><div class='special-heading-inner-border' ><\/div><\/div><\/div><br \/>\n<div class='avia-icon-list-container '><ul class='avia-icon-list avia-icon-list-left av-iconlist-small avia_animate_when_almost_visible'>\n<li><div  class='iconlist_icon avia-font-entypo-fontello'><span class='iconlist-char' aria-hidden='true' data-av_icon='\ue875' data-av_iconfont='entypo-fontello'><\/span><\/div><article class=\"article-icon-entry \"  itemscope=\"itemscope\" itemtype=\"https:\/\/schema.org\/CreativeWork\" ><div class='iconlist_content_wrap'><header class=\"entry-content-header\"><div class='iconlist_title_small'  itemprop=\"headline\"  ><\/div><\/header><div class='iconlist_content '  itemprop=\"text\"  ><p>in der zivilprozessualen und vollstreckungsrechtlichen (exekutionsrechtlichen) Durchsetzung von Forderungen jeder Art,<\/p>\n<\/div><\/div><footer class=\"entry-footer\"><\/footer><\/article><div class='iconlist-timeline'><\/div><\/li>\n<li><div  class='iconlist_icon avia-font-entypo-fontello'><span class='iconlist-char' aria-hidden='true' data-av_icon='\ue875' data-av_iconfont='entypo-fontello'><\/span><\/div><article class=\"article-icon-entry \"  itemscope=\"itemscope\" itemtype=\"https:\/\/schema.org\/CreativeWork\" ><div class='iconlist_content_wrap'><header class=\"entry-content-header\"><div class='iconlist_title_small'  itemprop=\"headline\"  ><\/div><\/header><div class='iconlist_content '  itemprop=\"text\"  ><p>im Arbeitsrecht einschliesslich Ausl\u00e4nder- und Entsenderecht,<\/p>\n<\/div><\/div><footer class=\"entry-footer\"><\/footer><\/article><div class='iconlist-timeline'><\/div><\/li>\n<li><div  class='iconlist_icon avia-font-entypo-fontello'><span class='iconlist-char' aria-hidden='true' data-av_icon='\ue875' data-av_iconfont='entypo-fontello'><\/span><\/div><article class=\"article-icon-entry \"  itemscope=\"itemscope\" itemtype=\"https:\/\/schema.org\/CreativeWork\" ><div class='iconlist_content_wrap'><header class=\"entry-content-header\"><div class='iconlist_title_small'  itemprop=\"headline\"  ><\/div><\/header><div class='iconlist_content '  itemprop=\"text\"  ><p>im Mietrecht,<\/p>\n<\/div><\/div><footer class=\"entry-footer\"><\/footer><\/article><div class='iconlist-timeline'><\/div><\/li>\n<li><div  class='iconlist_icon avia-font-entypo-fontello'><span class='iconlist-char' aria-hidden='true' data-av_icon='\ue875' data-av_iconfont='entypo-fontello'><\/span><\/div><article class=\"article-icon-entry \"  itemscope=\"itemscope\" itemtype=\"https:\/\/schema.org\/CreativeWork\" ><div class='iconlist_content_wrap'><header class=\"entry-content-header\"><div class='iconlist_title_small'  itemprop=\"headline\"  ><\/div><\/header><div class='iconlist_content '  itemprop=\"text\"  ><p>im Markenrecht, im Recht des unlauteren Wettbewerbs und im Verbraucherschutzrecht,<\/p>\n<\/div><\/div><footer class=\"entry-footer\"><\/footer><\/article><div class='iconlist-timeline'><\/div><\/li>\n<li><div  class='iconlist_icon avia-font-entypo-fontello'><span class='iconlist-char' aria-hidden='true' data-av_icon='\ue875' data-av_iconfont='entypo-fontello'><\/span><\/div><article class=\"article-icon-entry \"  itemscope=\"itemscope\" itemtype=\"https:\/\/schema.org\/CreativeWork\" ><div class='iconlist_content_wrap'><header class=\"entry-content-header\"><div class='iconlist_title_small'  itemprop=\"headline\"  ><\/div><\/header><div class='iconlist_content '  itemprop=\"text\"  ><p>im EU-\/EWR-Recht und<\/p>\n<\/div><\/div><footer class=\"entry-footer\"><\/footer><\/article><div class='iconlist-timeline'><\/div><\/li>\n<li><div  class='iconlist_icon avia-font-entypo-fontello'><span class='iconlist-char' aria-hidden='true' data-av_icon='\ue875' data-av_iconfont='entypo-fontello'><\/span><\/div><article class=\"article-icon-entry \"  itemscope=\"itemscope\" itemtype=\"https:\/\/schema.org\/CreativeWork\" ><div class='iconlist_content_wrap'><header class=\"entry-content-header\"><div class='iconlist_title_small'  itemprop=\"headline\"  ><\/div><\/header><div class='iconlist_content '  itemprop=\"text\"  ><p>im liechtensteinischen Steuerrecht der nat\u00fcrlichen Personen.<\/p>\n<\/div><\/div><footer class=\"entry-footer\"><\/footer><\/article><div class='iconlist-timeline'><\/div><\/li>\n<\/ul><\/div><\/p><\/div><div class=\"flex_column av_one_half  flex_column_div av-zero-column-padding   \" style='border-radius:0px; '><p><div style='padding-bottom:5px;' class='av-special-heading av-special-heading-h5  blockquote modern-quote  '><h5 class='av-special-heading-tag'  itemprop=\"headline\"  >Wolfgang Caspers ist derzeit Mitglied in folgenden Vereinigungen:<\/h5><div class='special-heading-border'><div class='special-heading-inner-border' ><\/div><\/div><\/div><br \/>\n<div class='avia-icon-list-container '><ul class='avia-icon-list avia-icon-list-left av-iconlist-small avia_animate_when_almost_visible'>\n<li><div  class='iconlist_icon avia-font-entypo-fontello'><span class='iconlist-char' aria-hidden='true' data-av_icon='\ue875' data-av_iconfont='entypo-fontello'><\/span><\/div><article class=\"article-icon-entry \"  itemscope=\"itemscope\" itemtype=\"https:\/\/schema.org\/CreativeWork\" ><div class='iconlist_content_wrap'><header class=\"entry-content-header\"><div class='iconlist_title_small'  itemprop=\"headline\"  ><\/div><\/header><div class='iconlist_content '  itemprop=\"text\"  ><p>Liechtensteinische Rechtsanwaltskammer<\/p>\n<\/div><\/div><footer class=\"entry-footer\"><\/footer><\/article><div class='iconlist-timeline'><\/div><\/li>\n<li><div  class='iconlist_icon avia-font-entypo-fontello'><span class='iconlist-char' aria-hidden='true' data-av_icon='\ue875' data-av_iconfont='entypo-fontello'><\/span><\/div><article class=\"article-icon-entry \"  itemscope=\"itemscope\" itemtype=\"https:\/\/schema.org\/CreativeWork\" ><div class='iconlist_content_wrap'><header class=\"entry-content-header\"><div class='iconlist_title_small'  itemprop=\"headline\"  ><\/div><\/header><div class='iconlist_content '  itemprop=\"text\"  ><p>Rechtsanwaltskammer Freiburg im Breisgau \/ D<\/p>\n<\/div><\/div><footer class=\"entry-footer\"><\/footer><\/article><div class='iconlist-timeline'><\/div><\/li>\n<li><div  class='iconlist_icon avia-font-entypo-fontello'><span class='iconlist-char' aria-hidden='true' data-av_icon='\ue875' data-av_iconfont='entypo-fontello'><\/span><\/div><article class=\"article-icon-entry \"  itemscope=\"itemscope\" itemtype=\"https:\/\/schema.org\/CreativeWork\" ><div class='iconlist_content_wrap'><header class=\"entry-content-header\"><div class='iconlist_title_small'  itemprop=\"headline\"  ><\/div><\/header><div class='iconlist_content '  itemprop=\"text\"  ><p>Europ\u00e4ische Anwaltsvereinigung DACH<\/p>\n<\/div><\/div><footer class=\"entry-footer\"><\/footer><\/article><div class='iconlist-timeline'><\/div><\/li>\n<li><div  class='iconlist_icon avia-font-entypo-fontello'><span class='iconlist-char' aria-hidden='true' data-av_icon='\ue875' data-av_iconfont='entypo-fontello'><\/span><\/div><article class=\"article-icon-entry \"  itemscope=\"itemscope\" itemtype=\"https:\/\/schema.org\/CreativeWork\" ><div class='iconlist_content_wrap'><header class=\"entry-content-header\"><div class='iconlist_title_small'  itemprop=\"headline\"  ><\/div><\/header><div class='iconlist_content '  itemprop=\"text\"  ><p>Deutsch-Schweizerische Juristenvereinigung DSJV<\/p>\n<\/div><\/div><footer class=\"entry-footer\"><\/footer><\/article><div class='iconlist-timeline'><\/div><\/li>\n<\/ul><\/div><\/p><\/div><\/p>\n","protected":false},"excerpt":{"rendered":"","protected":false},"author":1,"featured_media":0,"parent":0,"menu_order":3,"comment_status":"closed","ping_status":"closed","template":"","meta":{"footnotes":""},"class_list":["post-149","page","type-page","status-publish","hentry"],"aioseo_notices":[],"_links":{"self":[{"href":"https:\/\/caspers.li\/index.php\/wp-json\/wp\/v2\/pages\/149","targetHints":{"allow":["GET"]}}],"collection":[{"href":"https:\/\/caspers.li\/index.php\/wp-json\/wp\/v2\/pages"}],"about":[{"href":"https:\/\/caspers.li\/index.php\/wp-json\/wp\/v2\/types\/page"}],"author":[{"embeddable":true,"href":"https:\/\/caspers.li\/index.php\/wp-json\/wp\/v2\/users\/1"}],"replies":[{"embeddable":true,"href":"https:\/\/caspers.li\/index.php\/wp-json\/wp\/v2\/comments?post=149"}],"version-history":[{"count":27,"href":"https:\/\/caspers.li\/index.php\/wp-json\/wp\/v2\/pages\/149\/revisions"}],"predecessor-version":[{"id":799,"href":"https:\/\/caspers.li\/index.php\/wp-json\/wp\/v2\/pages\/149\/revisions\/799"}],"wp:attachment":[{"href":"https:\/\/caspers.li\/index.php\/wp-json\/wp\/v2\/media?parent=149"}],"curies":[{"name":"wp","href":"https:\/\/api.w.org\/{rel}","templated":true}]}}