{"id":151,"date":"2016-09-03T13:11:15","date_gmt":"2016-09-03T11:11:15","guid":{"rendered":"http:\/\/caspers.li\/?page_id=151"},"modified":"2016-09-09T13:55:59","modified_gmt":"2016-09-09T11:55:59","slug":"publikationen","status":"publish","type":"page","link":"https:\/\/caspers.li\/index.php\/publikationen\/","title":{"rendered":"Publikationen"},"content":{"rendered":"<div class=\"flex_column av_one_full  flex_column_div av-zero-column-padding first  \" style='border-radius:0px; '><div style='padding-bottom:10px;' class='av-special-heading av-special-heading-h1  blockquote modern-quote  '><h1 class='av-special-heading-tag'  itemprop=\"headline\"  >PUBLIKATIONEN<\/h1><div class='special-heading-border'><div class='special-heading-inner-border' ><\/div><\/div><\/div><\/div>\n<div class=\"flex_column av_one_half  flex_column_div av-zero-column-padding first  \" style='border-radius:0px; '><div class='av-catalogue-container '><ul class='av-catalogue-list'>\n<li><div class='av-catalogue-item'><div class='av-catalogue-item-inner'><div class='av-catalogue-title-container'><div class='av-catalogue-title'><\/div><div class='av-catalogue-price'><\/div><\/div><div class='av-catalogue-content'>\nAlexander Wittwer\/Wolfgang Caspers (Hrsg.), Liechtensteinische Wirtschaftsgesetze, Books on Demand, Norderstedt, 2. Auflage 2011<br \/>\n<\/div><\/div><\/div><\/li>\n<li><div class='av-catalogue-item'><div class='av-catalogue-item-inner'><div class='av-catalogue-title-container'><div class='av-catalogue-title'><\/div><div class='av-catalogue-price'><\/div><\/div><div class='av-catalogue-content'>\nWolfgang Caspers, Einf\u00fchrung in das liechtensteinische Wirtschaftsrecht, in: Alexander Wittwer\/Wolfgang Caspers (Hrsg.), Liechtensteinische Wirtschaftsgesetze, Books on Demand, Norderstedt, 2. Auflage 2011, 8-16<br \/>\n<\/div><\/div><\/div><\/li>\n<li><div class='av-catalogue-item'><div class='av-catalogue-item-inner'><div class='av-catalogue-title-container'><div class='av-catalogue-title'><\/div><div class='av-catalogue-price'><\/div><\/div><div class='av-catalogue-content'>\nWolfgang Caspers, L\u00e4nderbericht Liechtenstein, in: Ferid\/Firsching\/D\u00f6ner\/Hausmann (Hrsg.), Internationales Erbrecht, Quellensammlung mit systematischen Darstellungen des materiellen Erbrechts sowie des Kollisionsrechts der wichtigsten Staaten, Loseblattslg., M\u00fcnchen 1955- (70. Erg.-lieferung 2008)<br \/>\n<\/div><\/div><\/div><\/li>\n<li><div class='av-catalogue-item'><div class='av-catalogue-item-inner'><div class='av-catalogue-title-container'><div class='av-catalogue-title'><\/div><div class='av-catalogue-price'><\/div><\/div><div class='av-catalogue-content'>\nAlexander Wittwer\/Wolfgang Caspers (Hrsg.), Liechtensteinische Wirtschaftsgesetze, Books on Demand, Norderstedt 2007<br \/>\n<\/div><\/div><\/div><\/li>\n<li><div class='av-catalogue-item'><div class='av-catalogue-item-inner'><div class='av-catalogue-title-container'><div class='av-catalogue-title'><\/div><div class='av-catalogue-price'><\/div><\/div><div class='av-catalogue-content'>\nWolfgang Caspers, Einf\u00fchrung in das liechtensteinische Wirtschaftsrecht, in: Alexander Wittwer\/Wolfgang Caspers (Hrsg.), Liechtensteinische Wirtschaftsgesetze, Books on Demand, Norderstedt 2007, 8-16<br \/>\n<\/div><\/div><\/div><\/li>\n<li><div class='av-catalogue-item'><div class='av-catalogue-item-inner'><div class='av-catalogue-title-container'><div class='av-catalogue-title'><\/div><div class='av-catalogue-price'><\/div><\/div><div class='av-catalogue-content'>\nWolfgang Caspers\/Martina Herberstein, Die Societas Europaea im F\u00fcrstentum Liechtenstein, LJZ 2006, 121 ff.<br \/>\n<\/div><\/div><\/div><\/li>\n<li><div class='av-catalogue-item'><div class='av-catalogue-item-inner'><div class='av-catalogue-title-container'><div class='av-catalogue-title'><\/div><div class='av-catalogue-price'><\/div><\/div><div class='av-catalogue-content'>\nWolfgang Caspers, L\u00e4nderbericht Liechtenstein, in: Dietrich Beier (Hrsg.), Recht der Domainnamen, Verlag C.H. Beck, M\u00fcnchen 2004<br \/>\n<\/div><\/div><\/div><\/li>\n<li><div class='av-catalogue-item'><div class='av-catalogue-item-inner'><div class='av-catalogue-title-container'><div class='av-catalogue-title'><\/div><div class='av-catalogue-price'><\/div><\/div><div class='av-catalogue-content'>\nWolfgang Caspers\/J\u00fcrgen Wagner\/Hans Rainer K\u00fcnzle (Hrsg.), Die Liechtensteinische Stiftung, Referate der Tagung &#8222;Stiftungsnovellierung \u2013 wohin geht die Reise?&#8220;, Bd. 4 der Schweizer Schriften zur Verm\u00f6gensberatung und zum Verm\u00f6gensrecht, Schriftenreihe der KPMG private, Verlag Schulthess, Z\u00fcrich 2002<br \/>\n<\/div><\/div><\/div><\/li>\n<li><div class='av-catalogue-item'><div class='av-catalogue-item-inner'><div class='av-catalogue-title-container'><div class='av-catalogue-title'><\/div><div class='av-catalogue-price'><\/div><\/div><div class='av-catalogue-content'>\nWolfgang Caspers, Wann kommt die Europ\u00e4ische Aktiengesellschaft nach Liechtenstein?, Wirtschaftregional vom 12. Oktober 2002, S. 8<br \/>\n<\/div><\/div><\/div><\/li>\n<li><div class='av-catalogue-item'><div class='av-catalogue-item-inner'><div class='av-catalogue-title-container'><div class='av-catalogue-title'><\/div><div class='av-catalogue-price'><\/div><\/div><div class='av-catalogue-content'>\nWolfgang Caspers\/Alexander Appel, Der Prozess ums Patent im Lichte des liechtensteinisch-schweizerischen Patentschutzvertrages, Liechtensteinische Juristen-Zeitung (LJZ) 2002, 79 ff.<br \/>\n<\/div><\/div><\/div><\/li>\n<li><div class='av-catalogue-item'><div class='av-catalogue-item-inner'><div class='av-catalogue-title-container'><div class='av-catalogue-title'><\/div><div class='av-catalogue-price'><\/div><\/div><div class='av-catalogue-content'>\nWolfgang Caspers\/Alexander Appel, L\u00e4nderbericht Liechtenstein, in: Deutsche Vollstreckungstitel im Ausland, Verlag Luchterhand, Neuwied 2002<br \/>\n<\/div><\/div><\/div><\/li>\n<li><div class='av-catalogue-item'><div class='av-catalogue-item-inner'><div class='av-catalogue-title-container'><div class='av-catalogue-title'><\/div><div class='av-catalogue-price'><\/div><\/div><div class='av-catalogue-content'>\nCarl Baudenbacher\/Wolfgang Caspers, Kommentierung zu Art. 3 lit. d UWG, in: Carl Baudenbacher, Lauterkeitsrecht, Verlag Helbing &amp; Lichtenhahn, Basel 2001<br \/>\n<\/div><\/div><\/div><\/li>\n<li><div class='av-catalogue-item'><div class='av-catalogue-item-inner'><div class='av-catalogue-title-container'><div class='av-catalogue-title'><\/div><div class='av-catalogue-price'><\/div><\/div><div class='av-catalogue-content'>\nWolfgang Caspers, L\u00e4nderbericht Liechtenstein, in: Peter Munzinger (Hrsg.), Markenkompendium, Wila Verlag, M\u00fcnchen 1999<br \/>\n<\/div><\/div><\/div><\/li>\n<li><div class='av-catalogue-item'><div class='av-catalogue-item-inner'><div class='av-catalogue-title-container'><div class='av-catalogue-title'><\/div><div class='av-catalogue-price'><\/div><\/div><div class='av-catalogue-content'>\nWolfgang Caspers, Die liechtensteinische Stiftung als Instrument zur Nachfolgeregelung f\u00fcr deutsche Klein- und Mittelbetriebe, Brosch\u00fcre des Advokaturb\u00fcros Wanger, Vaduz 1997<br \/>\n<\/div><\/div><\/div><\/li>\n<li><div class='av-catalogue-item'><div class='av-catalogue-item-inner'><div class='av-catalogue-title-container'><div class='av-catalogue-title'><\/div><div class='av-catalogue-price'><\/div><\/div><div class='av-catalogue-content'>\nCarl Baudenbacher\/Wolfgang Caspers, Markenrecht als Wirtschaftsrecht, \u00d6sterreichische Bl\u00e4tter f\u00fcr gewerblichen Rechtsschutz und Urheberrecht (\u00d6Bl) 1996, 215 ff.<br \/>\n<\/div><\/div><\/div><\/li>\n<\/ul><\/div><\/div>\n<div class=\"flex_column av_one_half  flex_column_div av-zero-column-padding   \" style='border-radius:0px; '><div class='avia-image-container  av-styling-   avia-align-center '  itemscope=\"itemscope\" itemtype=\"https:\/\/schema.org\/ImageObject\"  ><div class='avia-image-container-inner'><img class='avia_image ' src='https:\/\/caspers.li\/wp-content\/uploads\/2016\/09\/20039132_ml-1030x687.jpg' alt='' title='20039132_ml'   itemprop=\"contentURL\"  \/><\/div><\/div><\/div>\n","protected":false},"excerpt":{"rendered":"","protected":false},"author":1,"featured_media":0,"parent":0,"menu_order":4,"comment_status":"closed","ping_status":"closed","template":"","meta":{"footnotes":""},"class_list":["post-151","page","type-page","status-publish","hentry"],"aioseo_notices":[],"_links":{"self":[{"href":"https:\/\/caspers.li\/index.php\/wp-json\/wp\/v2\/pages\/151","targetHints":{"allow":["GET"]}}],"collection":[{"href":"https:\/\/caspers.li\/index.php\/wp-json\/wp\/v2\/pages"}],"about":[{"href":"https:\/\/caspers.li\/index.php\/wp-json\/wp\/v2\/types\/page"}],"author":[{"embeddable":true,"href":"https:\/\/caspers.li\/index.php\/wp-json\/wp\/v2\/users\/1"}],"replies":[{"embeddable":true,"href":"https:\/\/caspers.li\/index.php\/wp-json\/wp\/v2\/comments?post=151"}],"version-history":[{"count":13,"href":"https:\/\/caspers.li\/index.php\/wp-json\/wp\/v2\/pages\/151\/revisions"}],"predecessor-version":[{"id":706,"href":"https:\/\/caspers.li\/index.php\/wp-json\/wp\/v2\/pages\/151\/revisions\/706"}],"wp:attachment":[{"href":"https:\/\/caspers.li\/index.php\/wp-json\/wp\/v2\/media?parent=151"}],"curies":[{"name":"wp","href":"https:\/\/api.w.org\/{rel}","templated":true}]}}